{"id":1731,"date":"2020-05-20T20:42:03","date_gmt":"2020-05-20T20:42:03","guid":{"rendered":"https:\/\/angelicsign.com\/?post_type=product&#038;p=1731"},"modified":"2025-02-20T13:16:44","modified_gmt":"2025-02-20T10:16:44","slug":"omul-un-design-perfect-volumul-ii","status":"publish","type":"product","link":"https:\/\/angelicsign.com\/en\/product\/omul-un-design-perfect-volumul-ii\/","title":{"rendered":"Omul, un Design Perfect. Volumul II"},"content":{"rendered":"","protected":false},"excerpt":{"rendered":"<ul>\n<li>Edi\u021bie: softcover<\/li>\n<li>Greutate: 0,4 kg<\/li>\n<li>Num\u0103r pagini: 336<\/li>\n<li>Format: 225 x 150 mm<\/li>\n<li>ISBN: 978-606-9081-05-1<\/li>\n<li>Editur\u0103: C\u0103r\u021bile Tango<\/li>\n<li>Categoria: c\u0103r\u021bi spiritualitate<\/li>\n<\/ul>\n<p>&nbsp;<\/p>","protected":false},"featured_media":1761,"template":"","meta":{"_monsterinsights_skip_tracking":false,"_monsterinsights_sitenote_active":false,"_monsterinsights_sitenote_note":"","_monsterinsights_sitenote_category":0},"product_cat":[151],"product_tag":[],"class_list":{"0":"post-1731","1":"product","2":"type-product","3":"status-publish","4":"has-post-thumbnail","6":"product_cat-carte","7":"product_shipping_class-international","9":"first","10":"instock","11":"shipping-taxable","12":"purchasable","13":"product-type-simple"},"yoast_head":"<!-- This site is optimized with the Yoast SEO plugin v24.2 - https:\/\/yoast.com\/wordpress\/plugins\/seo\/ -->\n<title>Omul, un Design Perfect. Volumul II - Angelicsign.com<\/title>\n<meta name=\"robots\" content=\"index, follow, max-snippet:-1, max-image-preview:large, max-video-preview:-1\" \/>\n<link rel=\"canonical\" href=\"https:\/\/angelicsign.com\/en\/product\/omul-un-design-perfect-volumul-ii\/\" \/>\n<meta property=\"og:locale\" content=\"en_US\" \/>\n<meta property=\"og:type\" content=\"article\" \/>\n<meta property=\"og:title\" content=\"Omul, un Design Perfect. Volumul II - Angelicsign.com\" \/>\n<meta property=\"og:description\" content=\"Edi\u021bie: softcover  Greutate: 0,4 kg  Num\u0103r pagini: 336  Format: 225 x 150 mm  ISBN: 978-606-9081-05-1  Editur\u0103: C\u0103r\u021bile Tango  Categoria: c\u0103r\u021bi spiritualitate  &nbsp;\" \/>\n<meta property=\"og:url\" content=\"https:\/\/angelicsign.com\/en\/product\/omul-un-design-perfect-volumul-ii\/\" \/>\n<meta property=\"og:site_name\" content=\"Angelicsign.com\" \/>\n<meta property=\"article:modified_time\" content=\"2025-02-20T10:16:44+00:00\" \/>\n<meta property=\"og:image\" content=\"https:\/\/angelicsign.com\/wp-content\/uploads\/2020\/05\/POZA-2-10-scaled.jpg\" \/>\n\t<meta property=\"og:image:width\" content=\"1688\" \/>\n\t<meta property=\"og:image:height\" content=\"2560\" \/>\n\t<meta property=\"og:image:type\" content=\"image\/jpeg\" \/>\n<meta name=\"twitter:card\" content=\"summary_large_image\" \/>\n<meta name=\"twitter:label1\" content=\"Est. reading time\" \/>\n\t<meta name=\"twitter:data1\" content=\"1 minute\" \/>\n<script type=\"application\/ld+json\" class=\"yoast-schema-graph\">{\"@context\":\"https:\/\/schema.org\",\"@graph\":[{\"@type\":\"WebPage\",\"@id\":\"https:\/\/angelicsign.com\/en\/product\/omul-un-design-perfect-volumul-ii\/\",\"url\":\"https:\/\/angelicsign.com\/en\/product\/omul-un-design-perfect-volumul-ii\/\",\"name\":\"Omul, un Design Perfect. Volumul II - Angelicsign.com\",\"isPartOf\":{\"@id\":\"https:\/\/angelicsign.com\/en\/#website\"},\"primaryImageOfPage\":{\"@id\":\"https:\/\/angelicsign.com\/en\/product\/omul-un-design-perfect-volumul-ii\/#primaryimage\"},\"image\":{\"@id\":\"https:\/\/angelicsign.com\/en\/product\/omul-un-design-perfect-volumul-ii\/#primaryimage\"},\"thumbnailUrl\":\"https:\/\/angelicsign.com\/wp-content\/uploads\/2020\/05\/POZA-2-10-scaled.jpg\",\"datePublished\":\"2020-05-20T20:42:03+00:00\",\"dateModified\":\"2025-02-20T10:16:44+00:00\",\"breadcrumb\":{\"@id\":\"https:\/\/angelicsign.com\/en\/product\/omul-un-design-perfect-volumul-ii\/#breadcrumb\"},\"inLanguage\":\"en-US\",\"potentialAction\":[{\"@type\":\"ReadAction\",\"target\":[\"https:\/\/angelicsign.com\/en\/product\/omul-un-design-perfect-volumul-ii\/\"]}]},{\"@type\":\"ImageObject\",\"inLanguage\":\"en-US\",\"@id\":\"https:\/\/angelicsign.com\/en\/product\/omul-un-design-perfect-volumul-ii\/#primaryimage\",\"url\":\"https:\/\/angelicsign.com\/wp-content\/uploads\/2020\/05\/POZA-2-10-scaled.jpg\",\"contentUrl\":\"https:\/\/angelicsign.com\/wp-content\/uploads\/2020\/05\/POZA-2-10-scaled.jpg\",\"width\":1688,\"height\":2560},{\"@type\":\"BreadcrumbList\",\"@id\":\"https:\/\/angelicsign.com\/en\/product\/omul-un-design-perfect-volumul-ii\/#breadcrumb\",\"itemListElement\":[{\"@type\":\"ListItem\",\"position\":1,\"name\":\"Home\",\"item\":\"https:\/\/angelicsign.com\/en\/\"},{\"@type\":\"ListItem\",\"position\":2,\"name\":\"Magazin\",\"item\":\"https:\/\/angelicsign.com\/magazin\/\"},{\"@type\":\"ListItem\",\"position\":3,\"name\":\"Omul, un Design Perfect. Volumul II\"}]},{\"@type\":\"WebSite\",\"@id\":\"https:\/\/angelicsign.com\/en\/#website\",\"url\":\"https:\/\/angelicsign.com\/en\/\",\"name\":\"Angelicsign.com\",\"description\":\"\",\"potentialAction\":[{\"@type\":\"SearchAction\",\"target\":{\"@type\":\"EntryPoint\",\"urlTemplate\":\"https:\/\/angelicsign.com\/en\/?s={search_term_string}\"},\"query-input\":{\"@type\":\"PropertyValueSpecification\",\"valueRequired\":true,\"valueName\":\"search_term_string\"}}],\"inLanguage\":\"en-US\"}]}<\/script>\n<!-- \/ Yoast SEO plugin. -->","yoast_head_json":{"title":"Omul, un Design Perfect. Volumul II - Angelicsign.com","robots":{"index":"index","follow":"follow","max-snippet":"max-snippet:-1","max-image-preview":"max-image-preview:large","max-video-preview":"max-video-preview:-1"},"canonical":"https:\/\/angelicsign.com\/en\/product\/omul-un-design-perfect-volumul-ii\/","og_locale":"en_US","og_type":"article","og_title":"Omul, un Design Perfect. Volumul II - Angelicsign.com","og_description":"Edi\u021bie: softcover  Greutate: 0,4 kg  Num\u0103r pagini: 336  Format: 225 x 150 mm  ISBN: 978-606-9081-05-1  Editur\u0103: C\u0103r\u021bile Tango  Categoria: c\u0103r\u021bi spiritualitate  &nbsp;","og_url":"https:\/\/angelicsign.com\/en\/product\/omul-un-design-perfect-volumul-ii\/","og_site_name":"Angelicsign.com","article_modified_time":"2025-02-20T10:16:44+00:00","og_image":[{"width":1688,"height":2560,"url":"https:\/\/angelicsign.com\/wp-content\/uploads\/2020\/05\/POZA-2-10-scaled.jpg","type":"image\/jpeg"}],"twitter_card":"summary_large_image","twitter_misc":{"Est. reading time":"1 minute"},"schema":{"@context":"https:\/\/schema.org","@graph":[{"@type":"WebPage","@id":"https:\/\/angelicsign.com\/en\/product\/omul-un-design-perfect-volumul-ii\/","url":"https:\/\/angelicsign.com\/en\/product\/omul-un-design-perfect-volumul-ii\/","name":"Omul, un Design Perfect. Volumul II - Angelicsign.com","isPartOf":{"@id":"https:\/\/angelicsign.com\/en\/#website"},"primaryImageOfPage":{"@id":"https:\/\/angelicsign.com\/en\/product\/omul-un-design-perfect-volumul-ii\/#primaryimage"},"image":{"@id":"https:\/\/angelicsign.com\/en\/product\/omul-un-design-perfect-volumul-ii\/#primaryimage"},"thumbnailUrl":"https:\/\/angelicsign.com\/wp-content\/uploads\/2020\/05\/POZA-2-10-scaled.jpg","datePublished":"2020-05-20T20:42:03+00:00","dateModified":"2025-02-20T10:16:44+00:00","breadcrumb":{"@id":"https:\/\/angelicsign.com\/en\/product\/omul-un-design-perfect-volumul-ii\/#breadcrumb"},"inLanguage":"en-US","potentialAction":[{"@type":"ReadAction","target":["https:\/\/angelicsign.com\/en\/product\/omul-un-design-perfect-volumul-ii\/"]}]},{"@type":"ImageObject","inLanguage":"en-US","@id":"https:\/\/angelicsign.com\/en\/product\/omul-un-design-perfect-volumul-ii\/#primaryimage","url":"https:\/\/angelicsign.com\/wp-content\/uploads\/2020\/05\/POZA-2-10-scaled.jpg","contentUrl":"https:\/\/angelicsign.com\/wp-content\/uploads\/2020\/05\/POZA-2-10-scaled.jpg","width":1688,"height":2560},{"@type":"BreadcrumbList","@id":"https:\/\/angelicsign.com\/en\/product\/omul-un-design-perfect-volumul-ii\/#breadcrumb","itemListElement":[{"@type":"ListItem","position":1,"name":"Home","item":"https:\/\/angelicsign.com\/en\/"},{"@type":"ListItem","position":2,"name":"Magazin","item":"https:\/\/angelicsign.com\/magazin\/"},{"@type":"ListItem","position":3,"name":"Omul, un Design Perfect. Volumul II"}]},{"@type":"WebSite","@id":"https:\/\/angelicsign.com\/en\/#website","url":"https:\/\/angelicsign.com\/en\/","name":"Angelicsign.com","description":"","potentialAction":[{"@type":"SearchAction","target":{"@type":"EntryPoint","urlTemplate":"https:\/\/angelicsign.com\/en\/?s={search_term_string}"},"query-input":{"@type":"PropertyValueSpecification","valueRequired":true,"valueName":"search_term_string"}}],"inLanguage":"en-US"}]}},"_links":{"self":[{"href":"https:\/\/angelicsign.com\/en\/wp-json\/wp\/v2\/product\/1731","targetHints":{"allow":["GET"]}}],"collection":[{"href":"https:\/\/angelicsign.com\/en\/wp-json\/wp\/v2\/product"}],"about":[{"href":"https:\/\/angelicsign.com\/en\/wp-json\/wp\/v2\/types\/product"}],"wp:featuredmedia":[{"embeddable":true,"href":"https:\/\/angelicsign.com\/en\/wp-json\/wp\/v2\/media\/1761"}],"wp:attachment":[{"href":"https:\/\/angelicsign.com\/en\/wp-json\/wp\/v2\/media?parent=1731"}],"wp:term":[{"taxonomy":"product_cat","embeddable":true,"href":"https:\/\/angelicsign.com\/en\/wp-json\/wp\/v2\/product_cat?post=1731"},{"taxonomy":"product_tag","embeddable":true,"href":"https:\/\/angelicsign.com\/en\/wp-json\/wp\/v2\/product_tag?post=1731"}],"curies":[{"name":"wp","href":"https:\/\/api.w.org\/{rel}","templated":true}]}}