{"id":1729,"date":"2020-05-20T20:38:08","date_gmt":"2020-05-20T20:38:08","guid":{"rendered":"https:\/\/angelicsign.com\/?post_type=product&#038;p=1729"},"modified":"2022-01-01T14:36:33","modified_gmt":"2022-01-01T11:36:33","slug":"sesiune-online-de-dezvoltare-personala","status":"publish","type":"product","link":"https:\/\/angelicsign.com\/en\/product\/sesiune-online-de-dezvoltare-personala\/","title":{"rendered":"Sesiune online de dezvoltare personala"},"content":{"rendered":"","protected":false},"excerpt":{"rendered":"<ul>\n<li>Durat\u0103: 30 minute<\/li>\n<li>Livrare: online<\/li>\n<li>Categoria: servicii dezvoltare personal\u0103<\/li>\n<\/ul>\n<p><em>Acest serviciu nu beneficiaz\u0103 de op\u021biunea de plat\u0103: ramburs ( plat\u0103 la livrare)<\/em><\/p>","protected":false},"featured_media":1825,"template":"","meta":{"_monsterinsights_skip_tracking":false,"_monsterinsights_sitenote_active":false,"_monsterinsights_sitenote_note":"","_monsterinsights_sitenote_category":0},"product_cat":[149],"product_tag":[],"class_list":{"0":"post-1729","1":"product","2":"type-product","3":"status-publish","4":"has-post-thumbnail","6":"product_cat-servicii-dezvoltare-personala","7":"product_shipping_class-non-ramburs","9":"first","10":"instock","11":"virtual","12":"purchasable","13":"product-type-simple"},"yoast_head":"<!-- This site is optimized with the Yoast SEO plugin v24.2 - https:\/\/yoast.com\/wordpress\/plugins\/seo\/ -->\n<title>Sesiune online de dezvoltare personala - Angelicsign.com<\/title>\n<meta name=\"robots\" content=\"index, follow, max-snippet:-1, max-image-preview:large, max-video-preview:-1\" \/>\n<link rel=\"canonical\" href=\"https:\/\/angelicsign.com\/en\/product\/sesiune-online-de-dezvoltare-personala\/\" \/>\n<meta property=\"og:locale\" content=\"en_US\" \/>\n<meta property=\"og:type\" content=\"article\" \/>\n<meta property=\"og:title\" content=\"Sesiune online de dezvoltare personala - Angelicsign.com\" \/>\n<meta property=\"og:description\" content=\"Durat\u0103: 30 minute  Livrare: online  Categoria: servicii dezvoltare personal\u0103  Acest serviciu nu beneficiaz\u0103 de op\u021biunea de plat\u0103: ramburs ( plat\u0103 la livrare)\" \/>\n<meta property=\"og:url\" content=\"https:\/\/angelicsign.com\/en\/product\/sesiune-online-de-dezvoltare-personala\/\" \/>\n<meta property=\"og:site_name\" content=\"Angelicsign.com\" \/>\n<meta property=\"article:modified_time\" content=\"2022-01-01T11:36:33+00:00\" \/>\n<meta property=\"og:image\" content=\"https:\/\/angelicsign.com\/wp-content\/uploads\/2020\/05\/servicii-scaled.jpeg\" \/>\n\t<meta property=\"og:image:width\" content=\"2560\" \/>\n\t<meta property=\"og:image:height\" content=\"1273\" \/>\n\t<meta property=\"og:image:type\" content=\"image\/jpeg\" \/>\n<meta name=\"twitter:card\" content=\"summary_large_image\" \/>\n<script type=\"application\/ld+json\" class=\"yoast-schema-graph\">{\"@context\":\"https:\/\/schema.org\",\"@graph\":[{\"@type\":\"WebPage\",\"@id\":\"https:\/\/angelicsign.com\/en\/product\/sesiune-online-de-dezvoltare-personala\/\",\"url\":\"https:\/\/angelicsign.com\/en\/product\/sesiune-online-de-dezvoltare-personala\/\",\"name\":\"Sesiune online de dezvoltare personala - Angelicsign.com\",\"isPartOf\":{\"@id\":\"https:\/\/angelicsign.com\/en\/#website\"},\"primaryImageOfPage\":{\"@id\":\"https:\/\/angelicsign.com\/en\/product\/sesiune-online-de-dezvoltare-personala\/#primaryimage\"},\"image\":{\"@id\":\"https:\/\/angelicsign.com\/en\/product\/sesiune-online-de-dezvoltare-personala\/#primaryimage\"},\"thumbnailUrl\":\"https:\/\/angelicsign.com\/wp-content\/uploads\/2020\/05\/servicii-scaled.jpeg\",\"datePublished\":\"2020-05-20T20:38:08+00:00\",\"dateModified\":\"2022-01-01T11:36:33+00:00\",\"breadcrumb\":{\"@id\":\"https:\/\/angelicsign.com\/en\/product\/sesiune-online-de-dezvoltare-personala\/#breadcrumb\"},\"inLanguage\":\"en-US\",\"potentialAction\":[{\"@type\":\"ReadAction\",\"target\":[\"https:\/\/angelicsign.com\/en\/product\/sesiune-online-de-dezvoltare-personala\/\"]}]},{\"@type\":\"ImageObject\",\"inLanguage\":\"en-US\",\"@id\":\"https:\/\/angelicsign.com\/en\/product\/sesiune-online-de-dezvoltare-personala\/#primaryimage\",\"url\":\"https:\/\/angelicsign.com\/wp-content\/uploads\/2020\/05\/servicii-scaled.jpeg\",\"contentUrl\":\"https:\/\/angelicsign.com\/wp-content\/uploads\/2020\/05\/servicii-scaled.jpeg\",\"width\":2560,\"height\":1273,\"caption\":\"Modern comfortable workplace with laptop computer, coffee cup and office supplies\"},{\"@type\":\"BreadcrumbList\",\"@id\":\"https:\/\/angelicsign.com\/en\/product\/sesiune-online-de-dezvoltare-personala\/#breadcrumb\",\"itemListElement\":[{\"@type\":\"ListItem\",\"position\":1,\"name\":\"Home\",\"item\":\"https:\/\/angelicsign.com\/en\/\"},{\"@type\":\"ListItem\",\"position\":2,\"name\":\"Magazin\",\"item\":\"https:\/\/angelicsign.com\/magazin\/\"},{\"@type\":\"ListItem\",\"position\":3,\"name\":\"Sesiune online de dezvoltare personala\"}]},{\"@type\":\"WebSite\",\"@id\":\"https:\/\/angelicsign.com\/en\/#website\",\"url\":\"https:\/\/angelicsign.com\/en\/\",\"name\":\"Angelicsign.com\",\"description\":\"\",\"potentialAction\":[{\"@type\":\"SearchAction\",\"target\":{\"@type\":\"EntryPoint\",\"urlTemplate\":\"https:\/\/angelicsign.com\/en\/?s={search_term_string}\"},\"query-input\":{\"@type\":\"PropertyValueSpecification\",\"valueRequired\":true,\"valueName\":\"search_term_string\"}}],\"inLanguage\":\"en-US\"}]}<\/script>\n<!-- \/ Yoast SEO plugin. -->","yoast_head_json":{"title":"Sesiune online de dezvoltare personala - Angelicsign.com","robots":{"index":"index","follow":"follow","max-snippet":"max-snippet:-1","max-image-preview":"max-image-preview:large","max-video-preview":"max-video-preview:-1"},"canonical":"https:\/\/angelicsign.com\/en\/product\/sesiune-online-de-dezvoltare-personala\/","og_locale":"en_US","og_type":"article","og_title":"Sesiune online de dezvoltare personala - Angelicsign.com","og_description":"Durat\u0103: 30 minute  Livrare: online  Categoria: servicii dezvoltare personal\u0103  Acest serviciu nu beneficiaz\u0103 de op\u021biunea de plat\u0103: ramburs ( plat\u0103 la livrare)","og_url":"https:\/\/angelicsign.com\/en\/product\/sesiune-online-de-dezvoltare-personala\/","og_site_name":"Angelicsign.com","article_modified_time":"2022-01-01T11:36:33+00:00","og_image":[{"width":2560,"height":1273,"url":"https:\/\/angelicsign.com\/wp-content\/uploads\/2020\/05\/servicii-scaled.jpeg","type":"image\/jpeg"}],"twitter_card":"summary_large_image","schema":{"@context":"https:\/\/schema.org","@graph":[{"@type":"WebPage","@id":"https:\/\/angelicsign.com\/en\/product\/sesiune-online-de-dezvoltare-personala\/","url":"https:\/\/angelicsign.com\/en\/product\/sesiune-online-de-dezvoltare-personala\/","name":"Sesiune online de dezvoltare personala - Angelicsign.com","isPartOf":{"@id":"https:\/\/angelicsign.com\/en\/#website"},"primaryImageOfPage":{"@id":"https:\/\/angelicsign.com\/en\/product\/sesiune-online-de-dezvoltare-personala\/#primaryimage"},"image":{"@id":"https:\/\/angelicsign.com\/en\/product\/sesiune-online-de-dezvoltare-personala\/#primaryimage"},"thumbnailUrl":"https:\/\/angelicsign.com\/wp-content\/uploads\/2020\/05\/servicii-scaled.jpeg","datePublished":"2020-05-20T20:38:08+00:00","dateModified":"2022-01-01T11:36:33+00:00","breadcrumb":{"@id":"https:\/\/angelicsign.com\/en\/product\/sesiune-online-de-dezvoltare-personala\/#breadcrumb"},"inLanguage":"en-US","potentialAction":[{"@type":"ReadAction","target":["https:\/\/angelicsign.com\/en\/product\/sesiune-online-de-dezvoltare-personala\/"]}]},{"@type":"ImageObject","inLanguage":"en-US","@id":"https:\/\/angelicsign.com\/en\/product\/sesiune-online-de-dezvoltare-personala\/#primaryimage","url":"https:\/\/angelicsign.com\/wp-content\/uploads\/2020\/05\/servicii-scaled.jpeg","contentUrl":"https:\/\/angelicsign.com\/wp-content\/uploads\/2020\/05\/servicii-scaled.jpeg","width":2560,"height":1273,"caption":"Modern comfortable workplace with laptop computer, coffee cup and office supplies"},{"@type":"BreadcrumbList","@id":"https:\/\/angelicsign.com\/en\/product\/sesiune-online-de-dezvoltare-personala\/#breadcrumb","itemListElement":[{"@type":"ListItem","position":1,"name":"Home","item":"https:\/\/angelicsign.com\/en\/"},{"@type":"ListItem","position":2,"name":"Magazin","item":"https:\/\/angelicsign.com\/magazin\/"},{"@type":"ListItem","position":3,"name":"Sesiune online de dezvoltare personala"}]},{"@type":"WebSite","@id":"https:\/\/angelicsign.com\/en\/#website","url":"https:\/\/angelicsign.com\/en\/","name":"Angelicsign.com","description":"","potentialAction":[{"@type":"SearchAction","target":{"@type":"EntryPoint","urlTemplate":"https:\/\/angelicsign.com\/en\/?s={search_term_string}"},"query-input":{"@type":"PropertyValueSpecification","valueRequired":true,"valueName":"search_term_string"}}],"inLanguage":"en-US"}]}},"_links":{"self":[{"href":"https:\/\/angelicsign.com\/en\/wp-json\/wp\/v2\/product\/1729","targetHints":{"allow":["GET"]}}],"collection":[{"href":"https:\/\/angelicsign.com\/en\/wp-json\/wp\/v2\/product"}],"about":[{"href":"https:\/\/angelicsign.com\/en\/wp-json\/wp\/v2\/types\/product"}],"wp:featuredmedia":[{"embeddable":true,"href":"https:\/\/angelicsign.com\/en\/wp-json\/wp\/v2\/media\/1825"}],"wp:attachment":[{"href":"https:\/\/angelicsign.com\/en\/wp-json\/wp\/v2\/media?parent=1729"}],"wp:term":[{"taxonomy":"product_cat","embeddable":true,"href":"https:\/\/angelicsign.com\/en\/wp-json\/wp\/v2\/product_cat?post=1729"},{"taxonomy":"product_tag","embeddable":true,"href":"https:\/\/angelicsign.com\/en\/wp-json\/wp\/v2\/product_tag?post=1729"}],"curies":[{"name":"wp","href":"https:\/\/api.w.org\/{rel}","templated":true}]}}